{"id":51,"date":"2023-10-27T11:27:21","date_gmt":"2023-10-27T09:27:21","guid":{"rendered":"https:\/\/lecomptoiralunettes.fr\/?page_id=51"},"modified":"2024-12-19T10:54:08","modified_gmt":"2024-12-19T09:54:08","slug":"le-magasin","status":"publish","type":"page","link":"https:\/\/lecomptoiralunettes.fr\/index.php\/le-magasin\/","title":{"rendered":"Notre magasin"},"content":{"rendered":"\n<div class=\"wp-block-group\"><div class=\"wp-block-group__inner-container is-layout-constrained wp-block-group-is-layout-constrained\">\n<div class=\"wp-block-columns is-layout-flex wp-container-core-columns-is-layout-9d6595d7 wp-block-columns-is-layout-flex\">\n<div class=\"wp-block-column is-layout-flow wp-block-column-is-layout-flow\" style=\"flex-basis:100%\">\n<p><\/p>\n\n\n\n<p>L\u2019ambition de cr\u00e9er notre magasin d\u2019Opticien Ind\u00e9pendant a muri tout au long de ces dix derni\u00e8res ann\u00e9es qui ont \u00e9t\u00e9 riches en exp\u00e9riences professionnelles. Nous sommes ravis de pouvoir vous accueillir dans cette boutique o\u00f9 nos valeurs personnelles se refl\u00e8tent dans notre magasin.<\/p>\n<\/div>\n<\/div>\n\n\n\n<blockquote class=\"wp-block-quote is-layout-flow wp-block-quote-is-layout-flow\">\n<blockquote class=\"wp-block-quote is-layout-flow wp-block-quote-is-layout-flow\">\n<p class=\"has-text-color has-link-color wp-elements-e2f2b3d94df923b41f7409ba076f60ad\" style=\"color:#697565\"><strong>Une paire de lunettes est bien plus qu\u2019un simple accessoire : <br>c\u2019est la premi\u00e8re chose que l\u2019on remarque, un v\u00e9ritable reflet <br>de la personnalit\u00e9 de celui ou celle qui les porte. <br><br>Le choix d\u2019une monture peut donc \u00eatre un moment d\u00e9licat, <br>tant elle joue un r\u00f4le important dans l\u2019affirmation de votre style.<\/strong><\/p>\n<\/blockquote>\n<\/blockquote>\n<\/div><\/div>\n\n\n\n<p><\/p>\n\n\n\n<p>Pour r\u00e9pondre \u00e0 toutes vos envies et besoins, nous avons soigneusement s\u00e9lectionn\u00e9 une large collection de montures. Vous y trouverez des mod\u00e8les \u00e9l\u00e9gants et raffin\u00e9s sign\u00e9s par des marques couture, ainsi que des cr\u00e9ations plus audacieuses et color\u00e9es, parfaites pour ceux qui recherchent un style unique et original. Et tout cela, en respectant votre budget.<\/p>\n\n\n\n<p class=\"has-text-color has-link-color wp-elements-17dec7c422af3b6ba04f9f253b2060f2\" style=\"color:#697565\"><strong><mark style=\"background-color:rgba(0, 0, 0, 0);color:#697565\" class=\"has-inline-color\">Parce que chaque visage m\u00e9rite une monture qui lui correspond, nous vous accompagnons pour trouver les lunettes parfaites, celles qui vous ressemblent.<\/mark><\/strong><\/p>\n\n\n\n<p>Vous serez accueillis pendant les horaires d\u2019ouverture avec ou sans rendez-vous dans une ambiance bienveillante et chaleureuse.<\/p>\n\n\n\n<p>Alors n\u2019h\u00e9sitez pas \u00e0 franchir le pas de notre porte pour d\u00e9couvrir notre univers.<\/p>\n\n\n\n<div class=\"wp-block-buttons is-layout-flex wp-block-buttons-is-layout-flex\">\n<div class=\"wp-block-button\"><a class=\"wp-block-button__link has-background wp-element-button\" style=\"background-color:#697565\">Prenons rendez-vous<\/a><\/div>\n<\/div>\n\n\n\n<div style=\"height:100px\" aria-hidden=\"true\" class=\"wp-block-spacer\"><\/div>\n\n\n\n<figure class=\"wp-block-gallery has-nested-images columns-default is-cropped wp-block-gallery-2 is-layout-flex wp-block-gallery-is-layout-flex\">\n<figure class=\"wp-block-image size-large is-style-rounded wp-duotone-unset-1\"><img loading=\"lazy\" decoding=\"async\" width=\"1024\" height=\"540\" data-id=\"168\" src=\"https:\/\/lecomptoiralunettes.fr\/wp-content\/uploads\/2024\/12\/Capture-decran-2024-12-17-a-14.48.09-1024x540.png\" alt=\"\" class=\"wp-image-168\" srcset=\"https:\/\/lecomptoiralunettes.fr\/wp-content\/uploads\/2024\/12\/Capture-decran-2024-12-17-a-14.48.09-1024x540.png 1024w, https:\/\/lecomptoiralunettes.fr\/wp-content\/uploads\/2024\/12\/Capture-decran-2024-12-17-a-14.48.09-300x158.png 300w, https:\/\/lecomptoiralunettes.fr\/wp-content\/uploads\/2024\/12\/Capture-decran-2024-12-17-a-14.48.09-768x405.png 768w, https:\/\/lecomptoiralunettes.fr\/wp-content\/uploads\/2024\/12\/Capture-decran-2024-12-17-a-14.48.09-1536x810.png 1536w, https:\/\/lecomptoiralunettes.fr\/wp-content\/uploads\/2024\/12\/Capture-decran-2024-12-17-a-14.48.09-2048x1080.png 2048w, https:\/\/lecomptoiralunettes.fr\/wp-content\/uploads\/2024\/12\/Capture-decran-2024-12-17-a-14.48.09-1200x633.png 1200w\" sizes=\"auto, (max-width: 709px) 85vw, (max-width: 909px) 67vw, (max-width: 1362px) 62vw, 840px\" \/><\/figure>\n<\/figure>\n\n\n\n<p><\/p>\n","protected":false},"excerpt":{"rendered":"<p>L\u2019ambition de cr\u00e9er notre magasin d\u2019Opticien Ind\u00e9pendant a muri tout au long de ces dix derni\u00e8res ann\u00e9es qui ont \u00e9t\u00e9 riches en exp\u00e9riences professionnelles. Nous sommes ravis de pouvoir vous accueillir dans cette boutique o\u00f9 nos valeurs personnelles se refl\u00e8tent dans notre magasin. Une paire de lunettes est bien plus qu\u2019un simple accessoire : c\u2019est la premi\u00e8re chose que l\u2019on remarque, un v\u00e9ritable reflet de la personnalit\u00e9 de celui ou celle qui les porte. Le choix d\u2019une monture peut donc &hellip; <a href=\"https:\/\/lecomptoiralunettes.fr\/index.php\/le-magasin\/\" class=\"more-link\">Continue reading<span class=\"screen-reader-text\"> &#8220;Notre magasin&#8221;<\/span><\/a><\/p>\n","protected":false},"author":1,"featured_media":0,"parent":0,"menu_order":0,"comment_status":"closed","ping_status":"closed","template":"","meta":{"footnotes":""},"class_list":["post-51","page","type-page","status-publish","hentry"],"_links":{"self":[{"href":"https:\/\/lecomptoiralunettes.fr\/index.php\/wp-json\/wp\/v2\/pages\/51","targetHints":{"allow":["GET"]}}],"collection":[{"href":"https:\/\/lecomptoiralunettes.fr\/index.php\/wp-json\/wp\/v2\/pages"}],"about":[{"href":"https:\/\/lecomptoiralunettes.fr\/index.php\/wp-json\/wp\/v2\/types\/page"}],"author":[{"embeddable":true,"href":"https:\/\/lecomptoiralunettes.fr\/index.php\/wp-json\/wp\/v2\/users\/1"}],"replies":[{"embeddable":true,"href":"https:\/\/lecomptoiralunettes.fr\/index.php\/wp-json\/wp\/v2\/comments?post=51"}],"version-history":[{"count":37,"href":"https:\/\/lecomptoiralunettes.fr\/index.php\/wp-json\/wp\/v2\/pages\/51\/revisions"}],"predecessor-version":[{"id":258,"href":"https:\/\/lecomptoiralunettes.fr\/index.php\/wp-json\/wp\/v2\/pages\/51\/revisions\/258"}],"wp:attachment":[{"href":"https:\/\/lecomptoiralunettes.fr\/index.php\/wp-json\/wp\/v2\/media?parent=51"}],"curies":[{"name":"wp","href":"https:\/\/api.w.org\/{rel}","templated":true}]}}