{"id":42,"date":"2023-10-27T11:23:44","date_gmt":"2023-10-27T09:23:44","guid":{"rendered":"https:\/\/lecomptoiralunettes.fr\/?page_id=42"},"modified":"2024-12-19T13:29:46","modified_gmt":"2024-12-19T12:29:46","slug":"ouverture","status":"publish","type":"page","link":"https:\/\/lecomptoiralunettes.fr\/","title":{"rendered":"Bienvenue au Comptoir \u00e0 Lunettes"},"content":{"rendered":"\n<p class=\"has-large-font-size\" style=\"font-style:normal;font-weight:300\"><\/p>\n\n\n\n<p style=\"font-style:normal;font-weight:300\">Votre nouvel espace optique \u00e0 Frontignan, ouvert depuis le 5 mars 2024. Id\u00e9alement situ\u00e9 \u00e0 l&#8217;entr\u00e9e de la ville, au sein de la maison m\u00e9dicale PARKMED, dans le quartier du Barnier, entre la mer et le massif de la Gardiole, notre boutique vous accueille dans une atmosph\u00e8re de confiance, alliant <strong>professionnalisme<\/strong> et <strong>bienveillance<\/strong>.<\/p>\n\n\n\n<p style=\"font-style:normal;font-weight:300\"><strong>Camille<\/strong> et <strong>Nicolas <\/strong>sont \u00e0 votre service pour vous proposer une <strong>solution parfaitement adapt\u00e9e \u00e0 vos besoins visuels<\/strong>, que ce soit pour des lunettes ou des lentilles de contact. Nous accompagnons \u00e9galement les enfants avec des \u00e9quipements pens\u00e9s sp\u00e9cialement pour eux, afin de prendre soin de leur vue d\u00e8s le plus jeune \u00e2ge.<br><\/p>\n\n\n\n<div style=\"height:40px\" aria-hidden=\"true\" class=\"wp-block-spacer\"><\/div>\n\n\n\n<figure class=\"wp-block-video\"><video height=\"1080\" style=\"aspect-ratio: 1920 \/ 1080;\" width=\"1920\" controls poster=\"http:\/\/lecomptoiralunettes.fr\/wp-content\/uploads\/2024\/12\/Capture-decran-2024-12-19-a-11.16.37-1-scaled.jpg\" src=\"https:\/\/lecomptoiralunettes.fr\/wp-content\/uploads\/2024\/12\/Comptoir-a-Lunettes-Rendu-3.mov\"><\/video><\/figure>\n\n\n\n<div style=\"height:54px\" aria-hidden=\"true\" class=\"wp-block-spacer\"><\/div>\n\n\n\n<div class=\"wp-block-media-text is-stacked-on-mobile\" style=\"grid-template-columns:37% auto\"><figure class=\"wp-block-media-text__media\"><img loading=\"lazy\" decoding=\"async\" width=\"1024\" height=\"1002\" src=\"https:\/\/lecomptoiralunettes.fr\/wp-content\/uploads\/2024\/12\/Capture-decran-2024-12-17-a-14.31.31-1024x1002.png\" alt=\"\" class=\"wp-image-149 size-full\" srcset=\"https:\/\/lecomptoiralunettes.fr\/wp-content\/uploads\/2024\/12\/Capture-decran-2024-12-17-a-14.31.31-1024x1002.png 1024w, https:\/\/lecomptoiralunettes.fr\/wp-content\/uploads\/2024\/12\/Capture-decran-2024-12-17-a-14.31.31-300x294.png 300w, https:\/\/lecomptoiralunettes.fr\/wp-content\/uploads\/2024\/12\/Capture-decran-2024-12-17-a-14.31.31-768x752.png 768w, https:\/\/lecomptoiralunettes.fr\/wp-content\/uploads\/2024\/12\/Capture-decran-2024-12-17-a-14.31.31-1536x1504.png 1536w, https:\/\/lecomptoiralunettes.fr\/wp-content\/uploads\/2024\/12\/Capture-decran-2024-12-17-a-14.31.31-2048x2005.png 2048w, https:\/\/lecomptoiralunettes.fr\/wp-content\/uploads\/2024\/12\/Capture-decran-2024-12-17-a-14.31.31-1200x1175.png 1200w\" sizes=\"auto, (max-width: 709px) 85vw, (max-width: 909px) 67vw, (max-width: 1362px) 62vw, 840px\" \/><\/figure><div class=\"wp-block-media-text__content\">\n<p class=\"has-text-color has-link-color wp-elements-f6de491d044384b8a2670974493fe5b6\" style=\"color:#697565;font-size:25px\"><strong>Camille<\/strong><\/p>\n\n\n\n<p class=\"has-text-color has-link-color wp-elements-e3dd050031466e5d56317f0da2b0aee8\" style=\"color:#697565;font-size:15px;font-style:normal;font-weight:400\">Dipl\u00f4m\u00e9e d\u2019un BTS Opticien-Lunetier en 2013 \u00e0 Montpellier, j\u2019ai poursuivi mes \u00e9tudes avec une licence en m\u00e9tiers de l\u2019optique, me sp\u00e9cialisant ainsi en<strong> lentilles de contact et en r\u00e9fraction<\/strong>. <br><br>Forte de 10 ann\u00e9es d\u2019exp\u00e9rience dans un magasin ind\u00e9pendant \u00e0 Pignan, j\u2019ai choisi de relever un nouveau d\u00e9fi. Avec Nicolas, nous avons d\u00e9cid\u00e9 de cr\u00e9er notre propre boutique pour mettre \u00e0 profit notre expertise et offrir un service personnalis\u00e9 dans un <strong>cadre chaleureux et bienveillant<\/strong>.<br><\/p>\n<\/div><\/div>\n\n\n\n<div style=\"height:38px\" aria-hidden=\"true\" class=\"wp-block-spacer\"><\/div>\n\n\n\n<div class=\"wp-block-media-text has-media-on-the-right is-stacked-on-mobile\" style=\"grid-template-columns:auto 40%\"><div class=\"wp-block-media-text__content\">\n<p class=\"has-text-color has-link-color wp-elements-725299dc6d44cb2f29c213a573aa77ff\" style=\"color:#697565;font-size:25px\"><strong>Nicolas<\/strong><\/p>\n\n\n\n<p class=\"has-text-color has-link-color wp-elements-124d0d3b752c925c118ba922842654fc\" style=\"color:#697565;font-size:15px;font-style:normal;font-weight:400\">Dipl\u00f4m\u00e9 d\u2019un BTS Opticien-Lunetier en 2013 \u00e0 Montpellier, j\u2019ai consacr\u00e9 10 ann\u00e9es \u00e0 exercer au sein de grandes enseignes nationales, o\u00f9 j\u2019ai d\u00e9velopp\u00e9 mon expertise en tant qu\u2019<strong>opticien et responsable de magasin<\/strong>. D\u00e9sireux de transmettre ma passion pour ce m\u00e9tier, j\u2019ai \u00e9galement eu la chance d\u2019accompagner les \u00e9tudiants de l\u2019\u00e9cole ESOL \u00e0 Montpellier. <br><br>Aujourd\u2019hui, je suis fier de co-cr\u00e9er ma propre boutique, un espace o\u00f9 je peux pleinement partager ma vision du m\u00e9tier et offrir un accompagnement personnalis\u00e9 \u00e0 chaque client.<\/p>\n<\/div><figure class=\"wp-block-media-text__media\"><img loading=\"lazy\" decoding=\"async\" width=\"1024\" height=\"963\" src=\"https:\/\/lecomptoiralunettes.fr\/wp-content\/uploads\/2024\/12\/Capture-decran-2024-12-17-a-14.36.44-1-1024x963.png\" alt=\"\" class=\"wp-image-153 size-full\" srcset=\"https:\/\/lecomptoiralunettes.fr\/wp-content\/uploads\/2024\/12\/Capture-decran-2024-12-17-a-14.36.44-1-1024x963.png 1024w, https:\/\/lecomptoiralunettes.fr\/wp-content\/uploads\/2024\/12\/Capture-decran-2024-12-17-a-14.36.44-1-300x282.png 300w, https:\/\/lecomptoiralunettes.fr\/wp-content\/uploads\/2024\/12\/Capture-decran-2024-12-17-a-14.36.44-1-768x722.png 768w, https:\/\/lecomptoiralunettes.fr\/wp-content\/uploads\/2024\/12\/Capture-decran-2024-12-17-a-14.36.44-1-1536x1444.png 1536w, https:\/\/lecomptoiralunettes.fr\/wp-content\/uploads\/2024\/12\/Capture-decran-2024-12-17-a-14.36.44-1-2048x1926.png 2048w, https:\/\/lecomptoiralunettes.fr\/wp-content\/uploads\/2024\/12\/Capture-decran-2024-12-17-a-14.36.44-1-1200x1128.png 1200w\" sizes=\"auto, (max-width: 709px) 85vw, (max-width: 909px) 67vw, (max-width: 1362px) 62vw, 840px\" \/><\/figure><\/div>\n\n\n\n<div class=\"wp-block-buttons is-layout-flex wp-block-buttons-is-layout-flex\">\n<div class=\"wp-block-button\"><a class=\"wp-block-button__link has-background wp-element-button\" href=\"https:\/\/lecomptoiralunettes.fr\/index.php\/contact\/\" style=\"background-color:#697565\">Contactez-nous<\/a><\/div>\n<\/div>\n\n\n\n<div style=\"height:100px\" aria-hidden=\"true\" class=\"wp-block-spacer\"><\/div>\n\n\n\n<figure class=\"wp-block-gallery has-nested-images columns-default is-cropped wp-block-gallery-1 is-layout-flex wp-block-gallery-is-layout-flex\">\n<figure class=\"wp-block-image size-large\"><img loading=\"lazy\" decoding=\"async\" width=\"1024\" height=\"138\" data-id=\"195\" src=\"https:\/\/lecomptoiralunettes.fr\/wp-content\/uploads\/2024\/12\/Capture-decran-2024-12-18-a-21.40.41-1024x138.png\" alt=\"\" class=\"wp-image-195\" srcset=\"https:\/\/lecomptoiralunettes.fr\/wp-content\/uploads\/2024\/12\/Capture-decran-2024-12-18-a-21.40.41-1024x138.png 1024w, https:\/\/lecomptoiralunettes.fr\/wp-content\/uploads\/2024\/12\/Capture-decran-2024-12-18-a-21.40.41-300x40.png 300w, https:\/\/lecomptoiralunettes.fr\/wp-content\/uploads\/2024\/12\/Capture-decran-2024-12-18-a-21.40.41-768x104.png 768w, https:\/\/lecomptoiralunettes.fr\/wp-content\/uploads\/2024\/12\/Capture-decran-2024-12-18-a-21.40.41-1536x207.png 1536w, https:\/\/lecomptoiralunettes.fr\/wp-content\/uploads\/2024\/12\/Capture-decran-2024-12-18-a-21.40.41-2048x276.png 2048w, https:\/\/lecomptoiralunettes.fr\/wp-content\/uploads\/2024\/12\/Capture-decran-2024-12-18-a-21.40.41-1200x162.png 1200w\" sizes=\"auto, (max-width: 709px) 85vw, (max-width: 909px) 67vw, (max-width: 1362px) 62vw, 840px\" \/><\/figure>\n<\/figure>\n\n\n\n<figure class=\"wp-block-gallery has-nested-images columns-default is-cropped wp-block-gallery-2 is-layout-flex wp-block-gallery-is-layout-flex\">\n<figure class=\"wp-block-image size-large\"><img loading=\"lazy\" decoding=\"async\" width=\"1024\" height=\"144\" data-id=\"196\" src=\"https:\/\/lecomptoiralunettes.fr\/wp-content\/uploads\/2024\/12\/Capture-decran-2024-12-18-a-21.44.45-1024x144.png\" alt=\"\" class=\"wp-image-196\" srcset=\"https:\/\/lecomptoiralunettes.fr\/wp-content\/uploads\/2024\/12\/Capture-decran-2024-12-18-a-21.44.45-1024x144.png 1024w, https:\/\/lecomptoiralunettes.fr\/wp-content\/uploads\/2024\/12\/Capture-decran-2024-12-18-a-21.44.45-300x42.png 300w, https:\/\/lecomptoiralunettes.fr\/wp-content\/uploads\/2024\/12\/Capture-decran-2024-12-18-a-21.44.45-768x108.png 768w, https:\/\/lecomptoiralunettes.fr\/wp-content\/uploads\/2024\/12\/Capture-decran-2024-12-18-a-21.44.45-1536x217.png 1536w, https:\/\/lecomptoiralunettes.fr\/wp-content\/uploads\/2024\/12\/Capture-decran-2024-12-18-a-21.44.45-2048x289.png 2048w, https:\/\/lecomptoiralunettes.fr\/wp-content\/uploads\/2024\/12\/Capture-decran-2024-12-18-a-21.44.45-1200x169.png 1200w\" sizes=\"auto, (max-width: 709px) 85vw, (max-width: 909px) 67vw, (max-width: 1362px) 62vw, 840px\" \/><\/figure>\n<\/figure>\n\n\n\n<p class=\"has-text-align-center has-text-color has-link-color wp-elements-b2130bb46cb6acf9b026428dda9da752\" style=\"color:#697565;font-size:30px\">d&#8217;autres marques vous attendent en magasin<strong>&#8230;<\/strong><\/p>\n\n\n\n<div class=\"wp-block-buttons is-layout-flex wp-block-buttons-is-layout-flex\"><\/div>\n\n\n\n<p><\/p>\n","protected":false},"excerpt":{"rendered":"<p>Votre nouvel espace optique \u00e0 Frontignan, ouvert depuis le 5 mars 2024. Id\u00e9alement situ\u00e9 \u00e0 l&#8217;entr\u00e9e de la ville, au sein de la maison m\u00e9dicale PARKMED, dans le quartier du Barnier, entre la mer et le massif de la Gardiole, notre boutique vous accueille dans une atmosph\u00e8re de confiance, alliant professionnalisme et bienveillance. Camille et Nicolas sont \u00e0 votre service pour vous proposer une solution parfaitement adapt\u00e9e \u00e0 vos besoins visuels, que ce soit pour des lunettes ou des lentilles &hellip; <a href=\"https:\/\/lecomptoiralunettes.fr\/\" class=\"more-link\">Continue reading<span class=\"screen-reader-text\"> &#8220;Bienvenue au Comptoir \u00e0 Lunettes&#8221;<\/span><\/a><\/p>\n","protected":false},"author":1,"featured_media":0,"parent":0,"menu_order":0,"comment_status":"closed","ping_status":"closed","template":"","meta":{"footnotes":""},"class_list":["post-42","page","type-page","status-publish","hentry"],"_links":{"self":[{"href":"https:\/\/lecomptoiralunettes.fr\/index.php\/wp-json\/wp\/v2\/pages\/42","targetHints":{"allow":["GET"]}}],"collection":[{"href":"https:\/\/lecomptoiralunettes.fr\/index.php\/wp-json\/wp\/v2\/pages"}],"about":[{"href":"https:\/\/lecomptoiralunettes.fr\/index.php\/wp-json\/wp\/v2\/types\/page"}],"author":[{"embeddable":true,"href":"https:\/\/lecomptoiralunettes.fr\/index.php\/wp-json\/wp\/v2\/users\/1"}],"replies":[{"embeddable":true,"href":"https:\/\/lecomptoiralunettes.fr\/index.php\/wp-json\/wp\/v2\/comments?post=42"}],"version-history":[{"count":55,"href":"https:\/\/lecomptoiralunettes.fr\/index.php\/wp-json\/wp\/v2\/pages\/42\/revisions"}],"predecessor-version":[{"id":284,"href":"https:\/\/lecomptoiralunettes.fr\/index.php\/wp-json\/wp\/v2\/pages\/42\/revisions\/284"}],"wp:attachment":[{"href":"https:\/\/lecomptoiralunettes.fr\/index.php\/wp-json\/wp\/v2\/media?parent=42"}],"curies":[{"name":"wp","href":"https:\/\/api.w.org\/{rel}","templated":true}]}}